{"id":825,"date":"2025-04-26T13:23:05","date_gmt":"2025-04-26T13:23:05","guid":{"rendered":"https:\/\/evgenytailov24.thkit.ee\/wp\/?page_id=825"},"modified":"2025-04-26T13:48:40","modified_gmt":"2025-04-26T13:48:40","slug":"valguskett-ulesanne-konspekt","status":"publish","type":"page","link":"https:\/\/evgenytailov24.thkit.ee\/wp\/valguskett-ulesanne-konspekt\/","title":{"rendered":"Valguskett \u00fclesanne konspekt"},"content":{"rendered":"\n<pre class=\"wp-block-preformatted\"><strong>Sissejuhatus<\/strong><\/pre>\n\n\n\n<p><strong>T\u00f6\u00f6 kirjeldus:<\/strong><br>Koostage diagramm 5 LED-i t\u00f6\u00f6re\u017eiimiga, mida l\u00fclitatakse potentsiomeetrit p\u00f6\u00f6rates<\/p>\n\n\n\n<p><strong>Kasutatud komponendid:<\/strong><br>Arduino UNO plaat (1tk)<br>Juhtmed (14tk)<br>Takisti (9tk, \u202f<strong>220\u202f\u03a9<\/strong>)<strong><br><\/strong>LED (9tk: 3 punane, 3 roheline, 3 kollane)<br>Potentsiomeeter&nbsp;(1tk, <strong>250 k\u03a9<\/strong>)<\/p>\n\n\n\n<p><strong>T\u00f6\u00f6 protsess<\/strong>:<br>\u00dchendage dioodid, takisti, juhtmed ja potentsiomeeter plaadiga.<br>Re\u017eiim muutub, keerates potentsiomeetril olevat nuppu.<br><br><strong>Loodud re\u017eiimid:<\/strong><br><strong>1.<\/strong> K\u00f5ik LED-id vilguvad korraga<strong>.<\/strong> <strong>(void all_on)<\/strong><br><strong>2.<\/strong> LED-id vilguvad j\u00e4rjest \u00fckshaaval. <strong>(void consecutive)<\/strong><br><strong>3.<\/strong> LED-id vilguvad v\u00e4rvi kaupa (RGB korral \u2013 punased, rohelised, sinised).<strong> (void rgb)<\/strong><br><strong>4. <\/strong>LED-id vilguvad juhuslikus j\u00e4rjekorras (k\u00fc\u00fcnlaefekt). <strong>(void candleEffect)<\/strong><br><strong>5. <\/strong>&#8220;Jooksva tule&#8221; efekt \u2013 valgus liigub j\u00e4rjest l\u00e4bi LED-ide. <strong>(void running_light)<\/strong><\/p>\n\n\n\n<pre class=\"wp-block-preformatted\"><strong>Uued funktsioonid, mis oli kasutatud<\/strong><\/pre>\n\n\n\n<h4 class=\"wp-block-heading\"><strong>Massiiv LED-ide jaoks:<\/strong><\/h4>\n\n\n<div class=\"wp-block-syntaxhighlighter-code \"><pre class=\"brush: plain; title: ; notranslate\" title=\"\">\nint ledPins&#x5B;] = {2, 3, 4, 5, 6, 7, 8, 9, 10};\nint arrayLength = sizeof(ledPins) \/ sizeof(ledPins&#x5B;0]);\n<\/pre><\/div>\n\n\n<h4 class=\"wp-block-heading\" id=\"yui_3_17_2_1_1745671119863_513\"><strong>LED-ide seadistamine:<\/strong><\/h4>\n\n\n<div class=\"wp-block-syntaxhighlighter-code \"><pre class=\"brush: csharp; title: ; notranslate\" title=\"\">\nvoid setup() {\n  for (int i = 0; i &lt; arrayLength; i++) {\n    pinMode(ledPins&#x5B;i], OUTPUT);\n  }\n}\n<\/pre><\/div>\n\n\n<h4 class=\"wp-block-heading\"><strong>Re\u017eiimi valimine potentsiomeetri abil:<\/strong><\/h4>\n\n\n<div class=\"wp-block-syntaxhighlighter-code \"><pre class=\"brush: csharp; title: ; notranslate\" title=\"\">\nint potValue = analogRead(A0);\nint mode = map(potValue, 0, 1023, 0, 4); \/\/ 0\u20134 = viis re\u017eiimi\nmode = constrain(mode, 0, 4);\n<\/pre><\/div>\n\n\n<h4 class=\"wp-block-heading\">random() funktsioon candleEffect re\u017eiimis:<\/h4>\n\n\n<div class=\"wp-block-syntaxhighlighter-code \"><pre class=\"brush: csharp; title: ; notranslate\" title=\"\">\nvoid candleEffect() {\n  for (int i = 0; i &lt; arrayLength; i++) {\n    int flickerChance = random(0, 10); \/\/ 0\u20139\n    if (flickerChance &lt; 3) { \/\/ Umbes 30% t\u00f5en\u00e4osus, et LED vilgub\n      digitalWrite(ledPins&#x5B;i], HIGH);\n      delay(random(10, 100)); \/\/ juhuslik vilkumise kestus\n      digitalWrite(ledPins&#x5B;i], LOW);\n      delay(random(10, 50));  \/\/ juhuslik paus\n    }\n  }\n}\n<\/pre><\/div>\n\n\n<pre class=\"wp-block-preformatted\"><strong>K\u00e4ivitav kood<\/strong><\/pre>\n\n\n<div class=\"wp-block-syntaxhighlighter-code \"><pre class=\"brush: csharp; title: ; notranslate\" title=\"\">\n\/\/ \u043e\u0431\u044a\u044f\u0432\u043b\u0435\u043d\u0438\u0435 \u0438\u0441\u043f\u043e\u043b\u044c\u0437\u0443\u0435\u043c\u044b\u0445 \u043f\u0438\u043d\u043e\u0432\nint ledPins&#x5B;] = {13, 12, 11, 10, 9, 8, 7, 6, 5};\nint arrayLength = sizeof(ledPins) \/ sizeof(ledPins&#x5B;0]);\n\n\/\/ \u0440\u0430\u0437\u0434\u0435\u043b\u0435\u043d\u0438\u0435 \u043d\u0430 \u043c\u0430\u0441\u0441\u0438\u0432\u044b \u043f\u043e \u0446\u0432\u0435\u0442\u0443 \u0434\u043b\u044f \u0444\u0443\u043d\u043a\u0446\u0438\u0438 candleEffect()\nconst uint8_t redPins&#x5B;]   = {5, 8, 11};\nconst uint8_t greenPins&#x5B;] = {6, 9, 12};\nconst uint8_t bluePins&#x5B;]  = {7, 10, 13};\n\nvoid setPins(const uint8_t pins&#x5B;], size_t n, uint8_t state)\n{\n    for (size_t i = 0; i &lt; n; ++i) {\n        digitalWrite(pins&#x5B;i], state);\n    }\n}\n\nvoid setup() {\n  for (int i = 0; i &lt; arrayLength; i++) {\n    pinMode(ledPins&#x5B;i], OUTPUT);\n  }\n} \n\n\/\/\u0433\u043e\u0440\u044f\u0442 \u0432\u0441\u0435 \u043b\u0435\u0434\u044b\nvoid all_on()\n{\n  for (int i = 0; i &lt; arrayLength; i++) {\n    digitalWrite(ledPins&#x5B;i], HIGH);}\n  \tdelay(1000);\n  for (int i = 0; i &lt; arrayLength; i++) {\n    digitalWrite(ledPins&#x5B;i], LOW);}\n  \tdelay(1000);\n}\n\n\/\/\u0432\u0441\u0435 \u043b\u0435\u0434\u044b \u0433\u043e\u0440\u044f\u0442 \u043f\u043e \u043f\u043e\u0440\u044f\u0434\u043a\u0443\nvoid consecutive()\n{\n  for (int i = 0; i &lt; arrayLength; i++) {\n    digitalWrite(ledPins&#x5B;i], HIGH);\n  \tdelay(1000);\n    digitalWrite(ledPins&#x5B;i], LOW);\n  \tdelay(1000);\n}\n}\n\n\/\/\u0433\u043e\u0440\u044f\u0442 \u0442\u043e\u043b\u044c\u043a\u043e \u043b\u0435\u0434\u044b \u0441\u0432\u043e\u0435\u0433\u043e \u0446\u0432\u0435\u0442\u0430\nvoid rgb()\n{\n  \t\/\/ \u0433\u043e\u0440\u0438\u0442 \u0442\u043e\u043b\u044c\u043a\u043e \u043c\u0430\u0441\u0441\u0438\u0432 \u0438\u0437 \u043a\u0440\u0430\u0441\u043d\u044b\u0445 \u043b\u0435\u0434\u043e\u0432\n    setPins(redPins,   sizeof(redPins),   HIGH);\n    delay(1000);\n    setPins(redPins,   sizeof(redPins),   LOW);\n    delay(1000);\n\n    \/\/ \u0433\u043e\u0440\u0438\u0442 \u0442\u043e\u043b\u044c\u043a\u043e \u043c\u0430\u0441\u0441\u0438\u0432 \u0438\u0437 \u0437\u0435\u043b\u0435\u043d\u044b\u0445 \u043b\u0435\u0434\u043e\u0432\n    setPins(greenPins, sizeof(greenPins), HIGH);\n    delay(1000);\n    setPins(greenPins, sizeof(greenPins), LOW);\n    delay(1000);\n\n    \/\/ \u0433\u043e\u0440\u0438\u0442 \u0442\u043e\u043b\u044c\u043a\u043e \u043c\u0430\u0441\u0441\u0438\u0432 \u0438\u0437 \u0441\u0438\u043d\u0438\u0445 \u043b\u0435\u0434\u043e\u0432\n    setPins(bluePins,  sizeof(bluePins),  HIGH);\n    delay(1000);\n    setPins(bluePins,  sizeof(bluePins),  LOW);\n    delay(1000);\n}\n\n\/\/\u044d\u0444\u0444\u0435\u043a\u0442 \u0441\u0432\u0435\u0447\u0438 - \u0437\u0430\u0433\u043e\u0440\u0430\u044e\u0442\u0441\u044f \u0441\u043b\u0443\u0447\u0430\u0439\u043d\u044b\u0435 \u043b\u0435\u0434\u044b \u0431\u044b\u0441\u0442\u0440\u043e\nvoid candleEffect() {\n  for (int i = 0; i &lt; arrayLength; i++) {\n    int flickerChance = random(0, 10); \/\/ 0\u20139\n    if (flickerChance &lt; 3) { \/\/ Umbes 30% t\u00f5en\u00e4osus, et LED vilgub\n      digitalWrite(ledPins&#x5B;i], HIGH);\n      delay(random(10, 100)); \/\/ juhuslik vilkumise kestus\n      digitalWrite(ledPins&#x5B;i], LOW);\n      delay(random(10, 50));  \/\/ juhuslik paus\n    }\n  }\n}\n\n\/\/\u0431\u0435\u0433\u0443\u0449\u0438\u0439 \u0441\u0432\u0435\u0442 - \u0431\u044b\u0441\u0442\u0440\u043e \u0437\u0430\u0433\u043e\u0440\u0430\u044e\u0442\u0441\u044f \u0438 \u0442\u0443\u0445\u043d\u0443\u0442 \u043b\u0435\u0434\u044b \u043f\u043e \u043f\u043e\u0440\u044f\u0434\u043a\u0443\nvoid running_light()\n{\n  for (int i = 0; i &lt; arrayLength; i++) {\n    digitalWrite(ledPins&#x5B;i], HIGH);\n  \tdelay(50);\n    digitalWrite(ledPins&#x5B;i], LOW);\n  \tdelay(50);\n}\n}\n\nvoid loop() {\n  int potValue = analogRead(A0);\n  int mode = map(potValue, 0, 1023, 0, 4); \/\/ 0\u20134 = viis re\u017eiimi\n\n\/\/ \u043f\u0435\u0440\u0435\u0434\u0430\u0447\u0430 \u0437\u043d\u0430\u0447\u0435\u043d\u0438\u0439 \u0440\u0435\u0436\u0438\u043c\u043e\u0432 \u043f\u043e\u0442\u0435\u043d\u0446\u0438\u043e\u043c\u0435\u0442\u0440\u0443\n  mode = constrain(mode, 0, 4);\n  if (mode==0)\n  {\n    all_on();\n  }\n  else if (mode==1)\n  {\n    consecutive();\n  }\n  else if (mode==2)\n  {\n    rgb();\n  }\n  else if (mode==3)\n  {\n    running_light();\n  }\n  else if (mode==4)\n  {\n    candleEffect();\n  }\n}\n<\/pre><\/div>\n\n\n<pre class=\"wp-block-preformatted\"><strong>Skeem Tinkercad'is &amp; simulatsioon<\/strong><\/pre>\n\n\n\n<iframe loading=\"lazy\" src=\"https:\/\/drive.google.com\/file\/d\/1FSCtldLESwnUq548yxJaMD_hKWHr9XK8\/preview\" width=\"1280\" height=\"686\" allow=\"autoplay\"><\/iframe>\n\n\n\n<pre class=\"wp-block-preformatted\"><strong>T\u00f6\u00f6tav skeem Arduino Uno-ga<\/strong><\/pre>\n\n\n\n<iframe loading=\"lazy\" src=\"https:\/\/drive.google.com\/file\/d\/1cQamvdab3L-EG3Y89C7Q6cxzsAhtsBcB\/preview\" width=\"1280\" height=\"720\" allow=\"autoplay\"><\/iframe>\n","protected":false},"excerpt":{"rendered":"<p>Sissejuhatus T\u00f6\u00f6 kirjeldus:Koostage diagramm 5 LED-i t\u00f6\u00f6re\u017eiimiga, mida l\u00fclitatakse potentsiomeetrit p\u00f6\u00f6rates Kasutatud komponendid:Arduino UNO plaat (1tk)Juhtmed (14tk)Takisti (9tk, \u202f220\u202f\u03a9)LED (9tk: 3 punane, 3 roheline, 3 kollane)Potentsiomeeter&nbsp;(1tk, 250 k\u03a9) T\u00f6\u00f6 protsess:\u00dchendage dioodid, takisti, juhtmed ja potentsiomeeter plaadiga.Re\u017eiim muutub, keerates potentsiomeetril olevat nuppu. Loodud re\u017eiimid:1. K\u00f5ik LED-id vilguvad korraga. (void all_on)2. LED-id vilguvad j\u00e4rjest \u00fckshaaval. (void consecutive)3.&hellip;&nbsp;<a href=\"https:\/\/evgenytailov24.thkit.ee\/wp\/valguskett-ulesanne-konspekt\/\" rel=\"bookmark\">Read More &raquo;<span class=\"screen-reader-text\">Valguskett \u00fclesanne konspekt<\/span><\/a><\/p>\n","protected":false},"author":1,"featured_media":0,"parent":0,"menu_order":0,"comment_status":"closed","ping_status":"closed","template":"","meta":{"neve_meta_sidebar":"","neve_meta_container":"","neve_meta_enable_content_width":"","neve_meta_content_width":0,"neve_meta_title_alignment":"","neve_meta_author_avatar":"","neve_post_elements_order":"","neve_meta_disable_header":"","neve_meta_disable_footer":"","neve_meta_disable_title":"","footnotes":""},"class_list":["post-825","page","type-page","status-publish","hentry"],"yoast_head":"<!-- This site is optimized with the Yoast SEO plugin v27.5 - https:\/\/yoast.com\/product\/yoast-seo-wordpress\/ -->\n<title>Valguskett \u00fclesanne konspekt - Evgeny Tailov portfolio (EE)<\/title>\n<meta name=\"robots\" content=\"index, follow, max-snippet:-1, max-image-preview:large, max-video-preview:-1\" \/>\n<link rel=\"canonical\" href=\"https:\/\/evgenytailov24.thkit.ee\/wp\/valguskett-ulesanne-konspekt\/\" \/>\n<meta property=\"og:locale\" content=\"et_EE\" \/>\n<meta property=\"og:type\" content=\"article\" \/>\n<meta property=\"og:title\" content=\"Valguskett \u00fclesanne konspekt - Evgeny Tailov portfolio (EE)\" \/>\n<meta property=\"og:description\" content=\"Sissejuhatus T\u00f6\u00f6 kirjeldus:Koostage diagramm 5 LED-i t\u00f6\u00f6re\u017eiimiga, mida l\u00fclitatakse potentsiomeetrit p\u00f6\u00f6rates Kasutatud komponendid:Arduino UNO plaat (1tk)Juhtmed (14tk)Takisti (9tk, \u202f220\u202f\u03a9)LED (9tk: 3 punane, 3 roheline, 3 kollane)Potentsiomeeter&nbsp;(1tk, 250 k\u03a9) T\u00f6\u00f6 protsess:\u00dchendage dioodid, takisti, juhtmed ja potentsiomeeter plaadiga.Re\u017eiim muutub, keerates potentsiomeetril olevat nuppu. Loodud re\u017eiimid:1. K\u00f5ik LED-id vilguvad korraga. (void all_on)2. LED-id vilguvad j\u00e4rjest \u00fckshaaval. (void consecutive)3.&hellip;&nbsp;Read More &raquo;Valguskett \u00fclesanne konspekt\" \/>\n<meta property=\"og:url\" content=\"https:\/\/evgenytailov24.thkit.ee\/wp\/valguskett-ulesanne-konspekt\/\" \/>\n<meta property=\"og:site_name\" content=\"Evgeny Tailov portfolio (EE)\" \/>\n<meta property=\"article:modified_time\" content=\"2025-04-26T13:48:40+00:00\" \/>\n<meta name=\"twitter:card\" content=\"summary_large_image\" \/>\n<meta name=\"twitter:label1\" content=\"Est. reading time\" \/>\n\t<meta name=\"twitter:data1\" content=\"1 minut\" \/>\n<script type=\"application\/ld+json\" class=\"yoast-schema-graph\">{\"@context\":\"https:\\\/\\\/schema.org\",\"@graph\":[{\"@type\":\"WebPage\",\"@id\":\"https:\\\/\\\/evgenytailov24.thkit.ee\\\/wp\\\/valguskett-ulesanne-konspekt\\\/\",\"url\":\"https:\\\/\\\/evgenytailov24.thkit.ee\\\/wp\\\/valguskett-ulesanne-konspekt\\\/\",\"name\":\"Valguskett \u00fclesanne konspekt - Evgeny Tailov portfolio (EE)\",\"isPartOf\":{\"@id\":\"https:\\\/\\\/evgenytailov24.thkit.ee\\\/wp\\\/#website\"},\"datePublished\":\"2025-04-26T13:23:05+00:00\",\"dateModified\":\"2025-04-26T13:48:40+00:00\",\"breadcrumb\":{\"@id\":\"https:\\\/\\\/evgenytailov24.thkit.ee\\\/wp\\\/valguskett-ulesanne-konspekt\\\/#breadcrumb\"},\"inLanguage\":\"et\",\"potentialAction\":[{\"@type\":\"ReadAction\",\"target\":[\"https:\\\/\\\/evgenytailov24.thkit.ee\\\/wp\\\/valguskett-ulesanne-konspekt\\\/\"]}]},{\"@type\":\"BreadcrumbList\",\"@id\":\"https:\\\/\\\/evgenytailov24.thkit.ee\\\/wp\\\/valguskett-ulesanne-konspekt\\\/#breadcrumb\",\"itemListElement\":[{\"@type\":\"ListItem\",\"position\":1,\"name\":\"Home\",\"item\":\"https:\\\/\\\/evgenytailov24.thkit.ee\\\/wp\\\/\"},{\"@type\":\"ListItem\",\"position\":2,\"name\":\"Valguskett \u00fclesanne konspekt\"}]},{\"@type\":\"WebSite\",\"@id\":\"https:\\\/\\\/evgenytailov24.thkit.ee\\\/wp\\\/#website\",\"url\":\"https:\\\/\\\/evgenytailov24.thkit.ee\\\/wp\\\/\",\"name\":\"Evgeny Tailov portfolio (EE)\",\"description\":\"\",\"potentialAction\":[{\"@type\":\"SearchAction\",\"target\":{\"@type\":\"EntryPoint\",\"urlTemplate\":\"https:\\\/\\\/evgenytailov24.thkit.ee\\\/wp\\\/?s={search_term_string}\"},\"query-input\":{\"@type\":\"PropertyValueSpecification\",\"valueRequired\":true,\"valueName\":\"search_term_string\"}}],\"inLanguage\":\"et\"}]}<\/script>\n<!-- \/ Yoast SEO plugin. -->","yoast_head_json":{"title":"Valguskett \u00fclesanne konspekt - Evgeny Tailov portfolio (EE)","robots":{"index":"index","follow":"follow","max-snippet":"max-snippet:-1","max-image-preview":"max-image-preview:large","max-video-preview":"max-video-preview:-1"},"canonical":"https:\/\/evgenytailov24.thkit.ee\/wp\/valguskett-ulesanne-konspekt\/","og_locale":"et_EE","og_type":"article","og_title":"Valguskett \u00fclesanne konspekt - Evgeny Tailov portfolio (EE)","og_description":"Sissejuhatus T\u00f6\u00f6 kirjeldus:Koostage diagramm 5 LED-i t\u00f6\u00f6re\u017eiimiga, mida l\u00fclitatakse potentsiomeetrit p\u00f6\u00f6rates Kasutatud komponendid:Arduino UNO plaat (1tk)Juhtmed (14tk)Takisti (9tk, \u202f220\u202f\u03a9)LED (9tk: 3 punane, 3 roheline, 3 kollane)Potentsiomeeter&nbsp;(1tk, 250 k\u03a9) T\u00f6\u00f6 protsess:\u00dchendage dioodid, takisti, juhtmed ja potentsiomeeter plaadiga.Re\u017eiim muutub, keerates potentsiomeetril olevat nuppu. Loodud re\u017eiimid:1. K\u00f5ik LED-id vilguvad korraga. (void all_on)2. LED-id vilguvad j\u00e4rjest \u00fckshaaval. (void consecutive)3.&hellip;&nbsp;Read More &raquo;Valguskett \u00fclesanne konspekt","og_url":"https:\/\/evgenytailov24.thkit.ee\/wp\/valguskett-ulesanne-konspekt\/","og_site_name":"Evgeny Tailov portfolio (EE)","article_modified_time":"2025-04-26T13:48:40+00:00","twitter_card":"summary_large_image","twitter_misc":{"Est. reading time":"1 minut"},"schema":{"@context":"https:\/\/schema.org","@graph":[{"@type":"WebPage","@id":"https:\/\/evgenytailov24.thkit.ee\/wp\/valguskett-ulesanne-konspekt\/","url":"https:\/\/evgenytailov24.thkit.ee\/wp\/valguskett-ulesanne-konspekt\/","name":"Valguskett \u00fclesanne konspekt - Evgeny Tailov portfolio (EE)","isPartOf":{"@id":"https:\/\/evgenytailov24.thkit.ee\/wp\/#website"},"datePublished":"2025-04-26T13:23:05+00:00","dateModified":"2025-04-26T13:48:40+00:00","breadcrumb":{"@id":"https:\/\/evgenytailov24.thkit.ee\/wp\/valguskett-ulesanne-konspekt\/#breadcrumb"},"inLanguage":"et","potentialAction":[{"@type":"ReadAction","target":["https:\/\/evgenytailov24.thkit.ee\/wp\/valguskett-ulesanne-konspekt\/"]}]},{"@type":"BreadcrumbList","@id":"https:\/\/evgenytailov24.thkit.ee\/wp\/valguskett-ulesanne-konspekt\/#breadcrumb","itemListElement":[{"@type":"ListItem","position":1,"name":"Home","item":"https:\/\/evgenytailov24.thkit.ee\/wp\/"},{"@type":"ListItem","position":2,"name":"Valguskett \u00fclesanne konspekt"}]},{"@type":"WebSite","@id":"https:\/\/evgenytailov24.thkit.ee\/wp\/#website","url":"https:\/\/evgenytailov24.thkit.ee\/wp\/","name":"Evgeny Tailov portfolio (EE)","description":"","potentialAction":[{"@type":"SearchAction","target":{"@type":"EntryPoint","urlTemplate":"https:\/\/evgenytailov24.thkit.ee\/wp\/?s={search_term_string}"},"query-input":{"@type":"PropertyValueSpecification","valueRequired":true,"valueName":"search_term_string"}}],"inLanguage":"et"}]}},"_links":{"self":[{"href":"https:\/\/evgenytailov24.thkit.ee\/wp\/wp-json\/wp\/v2\/pages\/825","targetHints":{"allow":["GET"]}}],"collection":[{"href":"https:\/\/evgenytailov24.thkit.ee\/wp\/wp-json\/wp\/v2\/pages"}],"about":[{"href":"https:\/\/evgenytailov24.thkit.ee\/wp\/wp-json\/wp\/v2\/types\/page"}],"author":[{"embeddable":true,"href":"https:\/\/evgenytailov24.thkit.ee\/wp\/wp-json\/wp\/v2\/users\/1"}],"replies":[{"embeddable":true,"href":"https:\/\/evgenytailov24.thkit.ee\/wp\/wp-json\/wp\/v2\/comments?post=825"}],"version-history":[{"count":11,"href":"https:\/\/evgenytailov24.thkit.ee\/wp\/wp-json\/wp\/v2\/pages\/825\/revisions"}],"predecessor-version":[{"id":841,"href":"https:\/\/evgenytailov24.thkit.ee\/wp\/wp-json\/wp\/v2\/pages\/825\/revisions\/841"}],"wp:attachment":[{"href":"https:\/\/evgenytailov24.thkit.ee\/wp\/wp-json\/wp\/v2\/media?parent=825"}],"curies":[{"name":"wp","href":"https:\/\/api.w.org\/{rel}","templated":true}]}}