{"id":529,"date":"2025-03-31T12:28:12","date_gmt":"2025-03-31T12:28:12","guid":{"rendered":"https:\/\/evgenytailov24.thkit.ee\/wp\/en\/?page_id=529"},"modified":"2025-03-31T12:30:31","modified_gmt":"2025-03-31T12:30:31","slug":"setting-up-seo","status":"publish","type":"page","link":"https:\/\/evgenytailov24.thkit.ee\/wp\/en\/setting-up-seo\/","title":{"rendered":"Setting up SEO"},"content":{"rendered":"\n<p><strong><em>SEO<\/em><\/strong> on protsess, mille eesm\u00e4rk on parandada veebilehe v\u00f5i veebisaidi n\u00e4htavust otsingumootori tulemuste lehtedel. Kui kasutaja otsib mingit m\u00e4rks\u00f5na (n\u00e4iteks, kui ta on huvitatud teatud toote v\u00f5i teenuse leidmisest), siis optimeeritud veebileht kuvatakse otsingutulemustes k\u00f5rgemal positsioonil.<\/p>\n\n\n\n<p>Kui veebileht on <strong><em>indekseeritud<\/em><\/strong>, t\u00e4hendab see, et otsingumootor (nt Google) on selle lehe leidnud, lugenud ja lisanud oma andmebaasi.<\/p>\n\n\n\n<p><strong><em>Sitemap<\/em><\/strong> ehk kaardi- v\u00f5i saidikaart on fail, mis sisaldab veebisaidi k\u00f5iki lehti ja annab otsingumootoritele \u00fclevaate, kuidas veebisait on \u00fcles ehitatud. See aitab otsingumootorite robotitel veebilehti kiiremini ja t\u00f5husamalt indekseerida. Sitemap sisaldab sageli infot mitte ainult lehtede aadresside (URL) kohta, vaid ka t\u00e4iendavaid \u00fcksikasju, nagu lehtede v\u00e4rskendamise sagedus ja nende t\u00e4htsus veebisaidi sees.<\/p>\n\n\n\n<pre class=\"wp-block-preformatted\">Yoast SEO plugini installerimine<\/pre>\n\n\n\n<figure class=\"wp-block-image size-full\"><img decoding=\"async\" src=\"https:\/\/evgenytailov24.thkit.ee\/wp\/wp-content\/uploads\/2025\/03\/image-30.png\" alt=\"\" class=\"wp-image-726\"\/><\/figure>\n\n\n\n<p><\/p>\n\n\n\n<p><em>(kui kasutad multisite plugin &#8211; on vaja minna &#8216;network admin&#8217; lehek\u00fcljel ja paigalda selle plugin sealt)<\/em><\/p>\n\n\n\n<pre class=\"wp-block-preformatted\">Verifikatsioon<\/pre>\n\n\n\n<p><strong>L\u00e4hed selle lehele, logid kontosse ja otsid nuppu &#8216;lisa resurss&#8217;<\/strong><\/p>\n\n\n\n<p><a href=\"https:\/\/search.google.com\/search-console\">https:\/\/search.google.com\/search-console<\/a><\/p>\n\n\n\n<figure class=\"wp-block-image size-full\"><img decoding=\"async\" src=\"https:\/\/evgenytailov24.thkit.ee\/wp\/wp-content\/uploads\/2025\/03\/image-31.png\" alt=\"\" class=\"wp-image-727\"\/><\/figure>\n\n\n\n<p><\/p>\n\n\n\n<p><strong>Valitsed sobiv variant (ise valitsin teine)<\/strong><\/p>\n\n\n\n<figure class=\"wp-block-image size-full\"><img decoding=\"async\" src=\"https:\/\/evgenytailov24.thkit.ee\/wp\/wp-content\/uploads\/2025\/03\/image-32.png\" alt=\"\" class=\"wp-image-728\"\/><\/figure>\n\n\n\n<p><\/p>\n\n\n\n<p><strong>Kopeerid verifikatsiooni kood siialt<\/strong><\/p>\n\n\n\n<figure class=\"wp-block-image size-full is-resized\"><img decoding=\"async\" src=\"https:\/\/evgenytailov24.thkit.ee\/wp\/wp-content\/uploads\/2025\/03\/1-9.png\" alt=\"\" class=\"wp-image-730\" style=\"width:465px;height:auto\"\/><\/figure>\n\n\n\n<p><\/p>\n\n\n\n<p><strong>L\u00e4hed wp-admin lehele, otsid vasakust men\u00fc\u00fcst lehek\u00fclg Yoast SEO -&gt; Settings -&gt; General -&gt; Site connections -&gt; Google<\/strong> ja sisestad kooperitud kood<\/p>\n\n\n\n<figure class=\"wp-block-image size-large\"><img decoding=\"async\" src=\"https:\/\/evgenytailov24.thkit.ee\/wp\/wp-content\/uploads\/2025\/03\/1-10-1024x462.png\" alt=\"\" class=\"wp-image-731\"\/><\/figure>\n\n\n\n<pre class=\"wp-block-preformatted\">Sitemap<\/pre>\n\n\n\n<p><strong>Laadin alla minu sitemap fail siialt: https:\/\/evgenytailov24.thkit.ee\/wp\/sitemap_index.xml<\/strong><\/p>\n\n\n\n<figure class=\"wp-block-image size-large\"><img decoding=\"async\" src=\"https:\/\/evgenytailov24.thkit.ee\/wp\/wp-content\/uploads\/2025\/03\/image-35-1024x381.png\" alt=\"\" class=\"wp-image-733\"\/><\/figure>\n\n\n\n<pre class=\"wp-block-preformatted\">Indeksatsioon<\/pre>\n\n\n\n<p><strong>Tulemus paari p\u00e4evade p\u00e4rast<\/strong><\/p>\n\n\n\n<figure class=\"wp-block-image size-large is-resized\"><img decoding=\"async\" src=\"https:\/\/evgenytailov24.thkit.ee\/wp\/wp-content\/uploads\/2025\/03\/image-36-1024x554.png\" alt=\"\" class=\"wp-image-734\" style=\"width:965px;height:auto\"\/><\/figure>\n\n\n\n<p><\/p>\n\n\n\n<p><strong>Google search tulemus<\/strong><\/p>\n\n\n\n<p><\/p>\n\n\n\n<figure class=\"wp-block-image size-large is-resized\"><img decoding=\"async\" src=\"https:\/\/evgenytailov24.thkit.ee\/wp\/wp-content\/uploads\/2025\/03\/image-37-1024x702.png\" alt=\"\" class=\"wp-image-735\" style=\"width:953px;height:auto\"\/><\/figure>\n\n\n\n<p><\/p>\n","protected":false},"excerpt":{"rendered":"<p>SEO on protsess, mille eesm\u00e4rk on parandada veebilehe v\u00f5i veebisaidi n\u00e4htavust otsingumootori tulemuste lehtedel. Kui kasutaja otsib mingit m\u00e4rks\u00f5na (n\u00e4iteks, kui ta on huvitatud teatud toote v\u00f5i teenuse leidmisest), siis optimeeritud veebileht kuvatakse otsingutulemustes k\u00f5rgemal positsioonil. Kui veebileht on indekseeritud, t\u00e4hendab see, et otsingumootor (nt Google) on selle lehe leidnud, lugenud ja lisanud oma andmebaasi.&hellip;&nbsp;<a href=\"https:\/\/evgenytailov24.thkit.ee\/wp\/en\/setting-up-seo\/\" rel=\"bookmark\">Read More &raquo;<span class=\"screen-reader-text\">Setting up SEO<\/span><\/a><\/p>\n","protected":false},"author":1,"featured_media":0,"parent":0,"menu_order":0,"comment_status":"closed","ping_status":"closed","template":"","meta":{"neve_meta_sidebar":"","neve_meta_container":"","neve_meta_enable_content_width":"","neve_meta_content_width":0,"neve_meta_title_alignment":"","neve_meta_author_avatar":"","neve_post_elements_order":"","neve_meta_disable_header":"","neve_meta_disable_footer":"","neve_meta_disable_title":"","footnotes":""},"class_list":["post-529","page","type-page","status-publish","hentry"],"yoast_head":"<!-- This site is optimized with the Yoast SEO plugin v27.5 - https:\/\/yoast.com\/product\/yoast-seo-wordpress\/ -->\n<title>Setting up SEO - Evgeny Tailov portfolio (EN)<\/title>\n<meta name=\"robots\" content=\"index, follow, max-snippet:-1, max-image-preview:large, max-video-preview:-1\" \/>\n<link rel=\"canonical\" href=\"https:\/\/evgenytailov24.thkit.ee\/wp\/en\/setting-up-seo\/\" \/>\n<meta property=\"og:locale\" content=\"en_GB\" \/>\n<meta property=\"og:type\" content=\"article\" \/>\n<meta property=\"og:title\" content=\"Setting up SEO - Evgeny Tailov portfolio (EN)\" \/>\n<meta property=\"og:description\" content=\"SEO on protsess, mille eesm\u00e4rk on parandada veebilehe v\u00f5i veebisaidi n\u00e4htavust otsingumootori tulemuste lehtedel. Kui kasutaja otsib mingit m\u00e4rks\u00f5na (n\u00e4iteks, kui ta on huvitatud teatud toote v\u00f5i teenuse leidmisest), siis optimeeritud veebileht kuvatakse otsingutulemustes k\u00f5rgemal positsioonil. Kui veebileht on indekseeritud, t\u00e4hendab see, et otsingumootor (nt Google) on selle lehe leidnud, lugenud ja lisanud oma andmebaasi.&hellip;&nbsp;Read More &raquo;Setting up SEO\" \/>\n<meta property=\"og:url\" content=\"https:\/\/evgenytailov24.thkit.ee\/wp\/en\/setting-up-seo\/\" \/>\n<meta property=\"og:site_name\" content=\"Evgeny Tailov portfolio (EN)\" \/>\n<meta property=\"article:modified_time\" content=\"2025-03-31T12:30:31+00:00\" \/>\n<meta name=\"twitter:card\" content=\"summary_large_image\" \/>\n<meta name=\"twitter:label1\" content=\"Estimated reading time\" \/>\n\t<meta name=\"twitter:data1\" content=\"3 minutes\" \/>\n<script type=\"application\/ld+json\" class=\"yoast-schema-graph\">{\"@context\":\"https:\\\/\\\/schema.org\",\"@graph\":[{\"@type\":\"WebPage\",\"@id\":\"https:\\\/\\\/evgenytailov24.thkit.ee\\\/wp\\\/en\\\/setting-up-seo\\\/\",\"url\":\"https:\\\/\\\/evgenytailov24.thkit.ee\\\/wp\\\/en\\\/setting-up-seo\\\/\",\"name\":\"Setting up SEO - Evgeny Tailov portfolio (EN)\",\"isPartOf\":{\"@id\":\"https:\\\/\\\/evgenytailov24.thkit.ee\\\/wp\\\/en\\\/#website\"},\"primaryImageOfPage\":{\"@id\":\"https:\\\/\\\/evgenytailov24.thkit.ee\\\/wp\\\/en\\\/setting-up-seo\\\/#primaryimage\"},\"image\":{\"@id\":\"https:\\\/\\\/evgenytailov24.thkit.ee\\\/wp\\\/en\\\/setting-up-seo\\\/#primaryimage\"},\"thumbnailUrl\":\"https:\\\/\\\/evgenytailov24.thkit.ee\\\/wp\\\/wp-content\\\/uploads\\\/2025\\\/03\\\/image-30.png\",\"datePublished\":\"2025-03-31T12:28:12+00:00\",\"dateModified\":\"2025-03-31T12:30:31+00:00\",\"breadcrumb\":{\"@id\":\"https:\\\/\\\/evgenytailov24.thkit.ee\\\/wp\\\/en\\\/setting-up-seo\\\/#breadcrumb\"},\"inLanguage\":\"en-GB\",\"potentialAction\":[{\"@type\":\"ReadAction\",\"target\":[\"https:\\\/\\\/evgenytailov24.thkit.ee\\\/wp\\\/en\\\/setting-up-seo\\\/\"]}]},{\"@type\":\"ImageObject\",\"inLanguage\":\"en-GB\",\"@id\":\"https:\\\/\\\/evgenytailov24.thkit.ee\\\/wp\\\/en\\\/setting-up-seo\\\/#primaryimage\",\"url\":\"https:\\\/\\\/evgenytailov24.thkit.ee\\\/wp\\\/wp-content\\\/uploads\\\/2025\\\/03\\\/image-30.png\",\"contentUrl\":\"https:\\\/\\\/evgenytailov24.thkit.ee\\\/wp\\\/wp-content\\\/uploads\\\/2025\\\/03\\\/image-30.png\"},{\"@type\":\"BreadcrumbList\",\"@id\":\"https:\\\/\\\/evgenytailov24.thkit.ee\\\/wp\\\/en\\\/setting-up-seo\\\/#breadcrumb\",\"itemListElement\":[{\"@type\":\"ListItem\",\"position\":1,\"name\":\"Home\",\"item\":\"https:\\\/\\\/evgenytailov24.thkit.ee\\\/wp\\\/en\\\/\"},{\"@type\":\"ListItem\",\"position\":2,\"name\":\"Setting up SEO\"}]},{\"@type\":\"WebSite\",\"@id\":\"https:\\\/\\\/evgenytailov24.thkit.ee\\\/wp\\\/en\\\/#website\",\"url\":\"https:\\\/\\\/evgenytailov24.thkit.ee\\\/wp\\\/en\\\/\",\"name\":\"Evgeny Tailov portfolio (EN)\",\"description\":\"\",\"potentialAction\":[{\"@type\":\"SearchAction\",\"target\":{\"@type\":\"EntryPoint\",\"urlTemplate\":\"https:\\\/\\\/evgenytailov24.thkit.ee\\\/wp\\\/en\\\/?s={search_term_string}\"},\"query-input\":{\"@type\":\"PropertyValueSpecification\",\"valueRequired\":true,\"valueName\":\"search_term_string\"}}],\"inLanguage\":\"en-GB\"}]}<\/script>\n<!-- \/ Yoast SEO plugin. -->","yoast_head_json":{"title":"Setting up SEO - Evgeny Tailov portfolio (EN)","robots":{"index":"index","follow":"follow","max-snippet":"max-snippet:-1","max-image-preview":"max-image-preview:large","max-video-preview":"max-video-preview:-1"},"canonical":"https:\/\/evgenytailov24.thkit.ee\/wp\/en\/setting-up-seo\/","og_locale":"en_GB","og_type":"article","og_title":"Setting up SEO - Evgeny Tailov portfolio (EN)","og_description":"SEO on protsess, mille eesm\u00e4rk on parandada veebilehe v\u00f5i veebisaidi n\u00e4htavust otsingumootori tulemuste lehtedel. Kui kasutaja otsib mingit m\u00e4rks\u00f5na (n\u00e4iteks, kui ta on huvitatud teatud toote v\u00f5i teenuse leidmisest), siis optimeeritud veebileht kuvatakse otsingutulemustes k\u00f5rgemal positsioonil. Kui veebileht on indekseeritud, t\u00e4hendab see, et otsingumootor (nt Google) on selle lehe leidnud, lugenud ja lisanud oma andmebaasi.&hellip;&nbsp;Read More &raquo;Setting up SEO","og_url":"https:\/\/evgenytailov24.thkit.ee\/wp\/en\/setting-up-seo\/","og_site_name":"Evgeny Tailov portfolio (EN)","article_modified_time":"2025-03-31T12:30:31+00:00","twitter_card":"summary_large_image","twitter_misc":{"Estimated reading time":"3 minutes"},"schema":{"@context":"https:\/\/schema.org","@graph":[{"@type":"WebPage","@id":"https:\/\/evgenytailov24.thkit.ee\/wp\/en\/setting-up-seo\/","url":"https:\/\/evgenytailov24.thkit.ee\/wp\/en\/setting-up-seo\/","name":"Setting up SEO - Evgeny Tailov portfolio (EN)","isPartOf":{"@id":"https:\/\/evgenytailov24.thkit.ee\/wp\/en\/#website"},"primaryImageOfPage":{"@id":"https:\/\/evgenytailov24.thkit.ee\/wp\/en\/setting-up-seo\/#primaryimage"},"image":{"@id":"https:\/\/evgenytailov24.thkit.ee\/wp\/en\/setting-up-seo\/#primaryimage"},"thumbnailUrl":"https:\/\/evgenytailov24.thkit.ee\/wp\/wp-content\/uploads\/2025\/03\/image-30.png","datePublished":"2025-03-31T12:28:12+00:00","dateModified":"2025-03-31T12:30:31+00:00","breadcrumb":{"@id":"https:\/\/evgenytailov24.thkit.ee\/wp\/en\/setting-up-seo\/#breadcrumb"},"inLanguage":"en-GB","potentialAction":[{"@type":"ReadAction","target":["https:\/\/evgenytailov24.thkit.ee\/wp\/en\/setting-up-seo\/"]}]},{"@type":"ImageObject","inLanguage":"en-GB","@id":"https:\/\/evgenytailov24.thkit.ee\/wp\/en\/setting-up-seo\/#primaryimage","url":"https:\/\/evgenytailov24.thkit.ee\/wp\/wp-content\/uploads\/2025\/03\/image-30.png","contentUrl":"https:\/\/evgenytailov24.thkit.ee\/wp\/wp-content\/uploads\/2025\/03\/image-30.png"},{"@type":"BreadcrumbList","@id":"https:\/\/evgenytailov24.thkit.ee\/wp\/en\/setting-up-seo\/#breadcrumb","itemListElement":[{"@type":"ListItem","position":1,"name":"Home","item":"https:\/\/evgenytailov24.thkit.ee\/wp\/en\/"},{"@type":"ListItem","position":2,"name":"Setting up SEO"}]},{"@type":"WebSite","@id":"https:\/\/evgenytailov24.thkit.ee\/wp\/en\/#website","url":"https:\/\/evgenytailov24.thkit.ee\/wp\/en\/","name":"Evgeny Tailov portfolio (EN)","description":"","potentialAction":[{"@type":"SearchAction","target":{"@type":"EntryPoint","urlTemplate":"https:\/\/evgenytailov24.thkit.ee\/wp\/en\/?s={search_term_string}"},"query-input":{"@type":"PropertyValueSpecification","valueRequired":true,"valueName":"search_term_string"}}],"inLanguage":"en-GB"}]}},"_links":{"self":[{"href":"https:\/\/evgenytailov24.thkit.ee\/wp\/en\/wp-json\/wp\/v2\/pages\/529","targetHints":{"allow":["GET"]}}],"collection":[{"href":"https:\/\/evgenytailov24.thkit.ee\/wp\/en\/wp-json\/wp\/v2\/pages"}],"about":[{"href":"https:\/\/evgenytailov24.thkit.ee\/wp\/en\/wp-json\/wp\/v2\/types\/page"}],"author":[{"embeddable":true,"href":"https:\/\/evgenytailov24.thkit.ee\/wp\/en\/wp-json\/wp\/v2\/users\/1"}],"replies":[{"embeddable":true,"href":"https:\/\/evgenytailov24.thkit.ee\/wp\/en\/wp-json\/wp\/v2\/comments?post=529"}],"version-history":[{"count":2,"href":"https:\/\/evgenytailov24.thkit.ee\/wp\/en\/wp-json\/wp\/v2\/pages\/529\/revisions"}],"predecessor-version":[{"id":533,"href":"https:\/\/evgenytailov24.thkit.ee\/wp\/en\/wp-json\/wp\/v2\/pages\/529\/revisions\/533"}],"wp:attachment":[{"href":"https:\/\/evgenytailov24.thkit.ee\/wp\/en\/wp-json\/wp\/v2\/media?parent=529"}],"curies":[{"name":"wp","href":"https:\/\/api.w.org\/{rel}","templated":true}]}}